{"id":7572,"date":"2024-10-25T17:08:27","date_gmt":"2024-10-25T15:08:27","guid":{"rendered":"https:\/\/visitpitigliano.com\/2025_v1_dev1\/?page_id=7572"},"modified":"2025-01-29T13:10:36","modified_gmt":"2025-01-29T12:10:36","slug":"chiese","status":"publish","type":"page","link":"https:\/\/visitpitigliano.com\/en\/chiese\/","title":{"rendered":"Chiese"},"content":{"rendered":"\t\t<div data-elementor-type=\"wp-page\" data-elementor-id=\"7572\" class=\"elementor elementor-7572\" data-elementor-post-type=\"page\">\n\t\t\t\t<div class=\"elementor-element elementor-element-0e724b6 e-flex e-con-boxed e-con e-parent\" data-id=\"0e724b6\" data-element_type=\"container\" data-e-type=\"container\">\n\t\t\t\t\t<div class=\"e-con-inner\">\n\t\t\t\t<div class=\"elementor-element elementor-element-559d20a elementor-widget__width-initial elementor-widget-mobile__width-inherit elementor-widget elementor-widget-heading\" data-id=\"559d20a\" data-element_type=\"widget\" data-e-type=\"widget\" data-widget_type=\"heading.default\">\n\t\t\t\t<div class=\"elementor-widget-container\">\n\t\t\t\t\t<h1 class=\"elementor-heading-title elementor-size-default\">Le <strong>chiese<\/strong> di Pitigliano: un viaggio tra spiritualit\u00e0 e architettura<\/h1>\t\t\t\t<\/div>\n\t\t\t\t<\/div>\n\t\t\t\t<div class=\"elementor-element elementor-element-36f5d6d elementor-widget__width-initial elementor-widget-mobile__width-inherit elementor-widget elementor-widget-text-editor\" data-id=\"36f5d6d\" data-element_type=\"widget\" data-e-type=\"widget\" data-widget_type=\"text-editor.default\">\n\t\t\t\t<div class=\"elementor-widget-container\">\n\t\t\t\t\t\t\t\t\t<p>Pitigliano \u00e8 sede di chiese che raccontano secoli di fede e tradizione. Ognuna di queste, con la sua architettura unica e i suoi tesori, \u00e8 un luogo di spiritualit\u00e0 che custodisce la memoria delle generazioni passate.<\/p><p>Dalla maestosit\u00e0 del Duomo di San Pietro e Paolo, alle piccole e suggestive chiese che punteggiano il borgo, ogni angolo di Pitigliano \u00e8 testimone di un legame profondo tra religiosit\u00e0 e arte.<\/p><p>In questo percorso, vi invitiamo a scoprire il cuore spirituale della citt\u00e0.<\/p>\t\t\t\t\t\t\t\t<\/div>\n\t\t\t\t<\/div>\n\t\t\t\t\t<\/div>\n\t\t\t\t<\/div>\n\t\t<div class=\"elementor-element elementor-element-ef58ae0 e-flex e-con-boxed e-con e-parent\" data-id=\"ef58ae0\" data-element_type=\"container\" data-e-type=\"container\">\n\t\t\t\t\t<div class=\"e-con-inner\">\n\t\t\t\t<div class=\"elementor-element elementor-element-0728966 elementor-widget__width-initial elementor-widget-mobile__width-inherit elementor-position-top elementor-widget elementor-widget-image-box\" data-id=\"0728966\" data-element_type=\"widget\" data-e-type=\"widget\" data-widget_type=\"image-box.default\">\n\t\t\t\t<div class=\"elementor-widget-container\">\n\t\t\t\t\t<div class=\"elementor-image-box-wrapper\"><figure class=\"elementor-image-box-img\"><img fetchpriority=\"high\" decoding=\"async\" width=\"1920\" height=\"1280\" src=\"https:\/\/visitpitigliano.com\/2025_v1_dev1\/wp-content\/uploads\/2025\/01\/visit-pitigliano_DSC_0218_1920x1280.jpg\" class=\"attachment-full size-full wp-image-14095\" alt=\"\" srcset=\"https:\/\/visitpitigliano.com\/2025_v1_dev1\/wp-content\/uploads\/2025\/01\/visit-pitigliano_DSC_0218_1920x1280.jpg 1920w, https:\/\/visitpitigliano.com\/2025_v1_dev1\/wp-content\/uploads\/2025\/01\/visit-pitigliano_DSC_0218_1920x1280-300x200.jpg 300w, https:\/\/visitpitigliano.com\/2025_v1_dev1\/wp-content\/uploads\/2025\/01\/visit-pitigliano_DSC_0218_1920x1280-1024x683.jpg 1024w, https:\/\/visitpitigliano.com\/2025_v1_dev1\/wp-content\/uploads\/2025\/01\/visit-pitigliano_DSC_0218_1920x1280-768x512.jpg 768w, https:\/\/visitpitigliano.com\/2025_v1_dev1\/wp-content\/uploads\/2025\/01\/visit-pitigliano_DSC_0218_1920x1280-1536x1024.jpg 1536w\" sizes=\"(max-width: 1920px) 100vw, 1920px\" \/><\/figure><div class=\"elementor-image-box-content\"><h2 class=\"elementor-image-box-title\">La Cattedrale di San Pietro e Paolo<\/h2><p class=\"elementor-image-box-description\">Nella piazza Gregorio VII ammiriamo la struttura della Cattedrale (il Duomo di Pitigliano) in stile barocco settecentesco, dal contiguo loggiato costituito da due file di arcate con volte a crociera.<br>Dell\u2019originale Chiesa, a impianto romanico con aula unica dedicata a \u201cSancti Petri\u201d, non resta nulla, per il conseguente rifacimento cinquecentesco, di cui oggi possiamo soltanto ammirare il portale con timpano e colonne.<br>Nel rifacimento strutturale della chiesa e dell\u2019attuale facciata in stile barocco, si aggiunsero nel 1758 possenti lesene ornate da stucchi a volute architettoniche e due nicchie con le statue di Pietro e Paolo.<br>Sopra ai due ordini della facciata \u00e8 posto un bassorilievo di marmo di Carrara, sul quale \u00e8 rappresentata l\u2019assunzione della Vergine tra gli angeli e i santi Rocco e Antonio.<br>Annessa alla struttura ecclesiale, la torre campanaria a tre ordini (35 metri di altezza), fattore caratterizzante per Pitigliano.<br>All\u2019interno, il Fonte Battesimale del secolo XVI, precede la pregevole tela di Francesco Vanni (1563-1610), sul quale \u00e8 riprodotta la Madonna del Rosario.<br>Nel presbiterio sono conservate due grandi tele del pittore Pietro Aldi (1885), dedicate a Ildebrando Aldobrandeschi (Papa Gregorio VII): nella prima \u00e8 raffigurata l\u2019umiliazione di Enrico IV a Canossa, nell\u2019altra Ildebrando riceve la vocazione divina nella bottega del genitore Bonizo.<br>Nell\u2019Altare maggiore fa sfoggio la spettacolare macchina, composta da sei colonne dorate con angeli che sorreggono una grande corona.<\/p><\/div><\/div>\t\t\t\t<\/div>\n\t\t\t\t<\/div>\n\t\t\t\t<div class=\"elementor-element elementor-element-d8a7246 elementor-widget__width-initial elementor-widget-mobile__width-inherit elementor-position-top elementor-widget elementor-widget-image-box\" data-id=\"d8a7246\" data-element_type=\"widget\" data-e-type=\"widget\" data-widget_type=\"image-box.default\">\n\t\t\t\t<div class=\"elementor-widget-container\">\n\t\t\t\t\t<div class=\"elementor-image-box-wrapper\"><figure class=\"elementor-image-box-img\"><img decoding=\"async\" width=\"1920\" height=\"1280\" src=\"https:\/\/visitpitigliano.com\/2025_v1_dev1\/wp-content\/uploads\/2025\/01\/visit-pitigliano_DSC_0213_1920x1280.jpg\" class=\"attachment-full size-full wp-image-14116\" alt=\"\" srcset=\"https:\/\/visitpitigliano.com\/2025_v1_dev1\/wp-content\/uploads\/2025\/01\/visit-pitigliano_DSC_0213_1920x1280.jpg 1920w, https:\/\/visitpitigliano.com\/2025_v1_dev1\/wp-content\/uploads\/2025\/01\/visit-pitigliano_DSC_0213_1920x1280-300x200.jpg 300w, https:\/\/visitpitigliano.com\/2025_v1_dev1\/wp-content\/uploads\/2025\/01\/visit-pitigliano_DSC_0213_1920x1280-1024x683.jpg 1024w, https:\/\/visitpitigliano.com\/2025_v1_dev1\/wp-content\/uploads\/2025\/01\/visit-pitigliano_DSC_0213_1920x1280-768x512.jpg 768w, https:\/\/visitpitigliano.com\/2025_v1_dev1\/wp-content\/uploads\/2025\/01\/visit-pitigliano_DSC_0213_1920x1280-1536x1024.jpg 1536w\" sizes=\"(max-width: 1920px) 100vw, 1920px\" \/><\/figure><div class=\"elementor-image-box-content\"><h2 class=\"elementor-image-box-title\">La Chiesa di San Rocco<\/h2><p class=\"elementor-image-box-description\">La chiesa di San Rocco si torva al centro del borgo, superata la piazza San Gregorio VII.<br>Presente dal 1066, nei possedimenti della diocesi di Sovana, con il titolo di Santa Maria, fu eretta sopra un antico tempio pagano.<br>Oggi, del primitivo edificio romanico (sec. XII), possiamo vedere un\u2019interessante scultura inserita nel lato ovest: si tratta di un'opera che rappresenta una figura maschile, simboleggiante la fermezza e la forza di contrapporsi alla tentazione del male, tra due figure \u201cbestiali\u201d.<br>La chiesa \u00e8 raggiungibile da due agevoli scalinate, raccordate da una fontana con vasca.<br>Sulla facciata cinquecentesca, con rosone a vetrata, \u00e8 rappresentato San Rocco; l\u2019interno si presenta a pianta trapezoidale con aula, transetto, emiciclo absidale, presbiterio e la contigua torre campanaria.<br>Lo schema costruttivo a copertura presenta tre navate con colonne in travertino di varia ornamentazione.<br>Nell\u2019abside appaiono dipinti di figure umane che osservano la maest\u00e0 della Vergine, assunta in cielo tra nuvole e angeli.<br>Sulla parete del timpano, sopra l\u2019abside, si distinguono alcuni stemmi policromi, appartenenti ad alcuni Vescovi che si sono succeduti nella Diocesi, oltre agli stemmi del Granducato di Toscana, di Casa Savoia e quello della comunit\u00e0 di Pitigliano.<br>Nella parete esterna all\u2019ingresso della torre campanaria \u00e8 collocato l\u2019affresco della \u201cMadonna del Viandante\u201d (XVI secolo), strappato dall\u2019originale luogo, posto all\u2019interno di un\u2019edicola, fuori dall\u2019abitato.<\/p><\/div><\/div>\t\t\t\t<\/div>\n\t\t\t\t<\/div>\n\t\t\t\t<div class=\"elementor-element elementor-element-2c6af7e elementor-widget__width-initial elementor-widget-mobile__width-inherit elementor-position-top elementor-widget elementor-widget-image-box\" data-id=\"2c6af7e\" data-element_type=\"widget\" data-e-type=\"widget\" data-widget_type=\"image-box.default\">\n\t\t\t\t<div class=\"elementor-widget-container\">\n\t\t\t\t\t<div class=\"elementor-image-box-wrapper\"><figure class=\"elementor-image-box-img\"><img decoding=\"async\" width=\"1920\" height=\"1280\" src=\"https:\/\/visitpitigliano.com\/2025_v1_dev1\/wp-content\/uploads\/2025\/01\/visit-pitigliano_DSC_0312_1920x1280.jpg\" class=\"attachment-full size-full wp-image-14127\" alt=\"\" srcset=\"https:\/\/visitpitigliano.com\/2025_v1_dev1\/wp-content\/uploads\/2025\/01\/visit-pitigliano_DSC_0312_1920x1280.jpg 1920w, https:\/\/visitpitigliano.com\/2025_v1_dev1\/wp-content\/uploads\/2025\/01\/visit-pitigliano_DSC_0312_1920x1280-300x200.jpg 300w, https:\/\/visitpitigliano.com\/2025_v1_dev1\/wp-content\/uploads\/2025\/01\/visit-pitigliano_DSC_0312_1920x1280-1024x683.jpg 1024w, https:\/\/visitpitigliano.com\/2025_v1_dev1\/wp-content\/uploads\/2025\/01\/visit-pitigliano_DSC_0312_1920x1280-768x512.jpg 768w, https:\/\/visitpitigliano.com\/2025_v1_dev1\/wp-content\/uploads\/2025\/01\/visit-pitigliano_DSC_0312_1920x1280-1536x1024.jpg 1536w\" sizes=\"(max-width: 1920px) 100vw, 1920px\" \/><\/figure><div class=\"elementor-image-box-content\"><h2 class=\"elementor-image-box-title\">Il Santuario della Madonna delle Grazie<\/h2><p class=\"elementor-image-box-description\">La struttura ecclesiale dedicata al culto mariano \u00e8 venerato dalla popolazione come il pi\u00f9 antico Santuario diocesano, probabilmente eretto prima del 1400 quando i francescani conventuali si occuparono della sua custodia.<br>Nel 1580, nel caldo torrido dei mesi estivi, si svilupp\u00f2 a Pitigliano un\u2019epidemia provocando un gran numero di morti.<br>La popolazione, colpita nel profondo dell\u2019animo, si rivolse con rinnovata devozione alla Madonna delle Grazie, esprimendo un voto solenne al Santuario, posto fuori dall\u2019abitato cittadino.<br>Debellato il male per intercessione della Madonna, si tenne la prima processione il 2 luglio 1581, rito ripetuto per due secoli sino al 1783, quando la processione fu spostata all\u20198 settembre per la ricorrenza del nome di Maria.<br>Da allora sino a oggi \u00e8 venerata la Sacra Immagine della Beata Vergine, conservata in una nicchia all\u2019interno del Santuario e posta alla visione dei fedeli.<\/p><\/div><\/div>\t\t\t\t<\/div>\n\t\t\t\t<\/div>\n\t\t\t\t<div class=\"elementor-element elementor-element-1d9c8fd elementor-widget__width-initial elementor-widget-mobile__width-inherit elementor-position-top elementor-widget elementor-widget-image-box\" data-id=\"1d9c8fd\" data-element_type=\"widget\" data-e-type=\"widget\" data-widget_type=\"image-box.default\">\n\t\t\t\t<div class=\"elementor-widget-container\">\n\t\t\t\t\t<div class=\"elementor-image-box-wrapper\"><figure class=\"elementor-image-box-img\"><img loading=\"lazy\" decoding=\"async\" width=\"1920\" height=\"1280\" src=\"https:\/\/visitpitigliano.com\/2025_v1_dev1\/wp-content\/uploads\/2025\/01\/visit-pitigliano_santa-maria-assunta_1920x1280.jpg\" class=\"attachment-full size-full wp-image-14139\" alt=\"\" srcset=\"https:\/\/visitpitigliano.com\/2025_v1_dev1\/wp-content\/uploads\/2025\/01\/visit-pitigliano_santa-maria-assunta_1920x1280.jpg 1920w, https:\/\/visitpitigliano.com\/2025_v1_dev1\/wp-content\/uploads\/2025\/01\/visit-pitigliano_santa-maria-assunta_1920x1280-300x200.jpg 300w, https:\/\/visitpitigliano.com\/2025_v1_dev1\/wp-content\/uploads\/2025\/01\/visit-pitigliano_santa-maria-assunta_1920x1280-1024x683.jpg 1024w, https:\/\/visitpitigliano.com\/2025_v1_dev1\/wp-content\/uploads\/2025\/01\/visit-pitigliano_santa-maria-assunta_1920x1280-768x512.jpg 768w, https:\/\/visitpitigliano.com\/2025_v1_dev1\/wp-content\/uploads\/2025\/01\/visit-pitigliano_santa-maria-assunta_1920x1280-1536x1024.jpg 1536w\" sizes=\"(max-width: 1920px) 100vw, 1920px\" \/><\/figure><div class=\"elementor-image-box-content\"><h2 class=\"elementor-image-box-title\">La Chiesa di Santa Maria Assunta<\/h2><p class=\"elementor-image-box-description\">La chiesa di Santa Maria Assunta fu realizzata nel 1843, su ordine dal Granduca Leopoldo II di Toscana, e consacrata nel 1855.<br>L\u2019ampio portale d\u2019ingresso, caratterizzato da un frontone con cornice triangolare e mensole \u00e8 decorato da un moderno mosaico composto da tessere vitree raffiguranti la Vergine che mostra il suo cuore immacolato.<br>L\u2019interno presenta un'unica navata con tre volte a crociera sorrette da otto pilastri; nella parete est sono rappresentate immagini sacre in tre vetrate multicolori.<br>Nell\u2019abside, un grande quadro esposto mostra dipinta l\u2019Assunta, Santa Chiara e altro santo; nelle piccole cappelle laterali si trovano contrapposte due statue della Madonna, in un panneggio celeste, e il Cristo benedicente.<\/p><\/div><\/div>\t\t\t\t<\/div>\n\t\t\t\t<\/div>\n\t\t\t\t\t<\/div>\n\t\t\t\t<\/div>\n\t\t\t\t<\/div>\n\t\t","protected":false},"excerpt":{"rendered":"<p>Le chiese di Pitigliano: un viaggio tra spiritualit\u00e0 e architettura Pitigliano \u00e8 sede di chiese che raccontano secoli di fede e tradizione. Ognuna di queste, con la sua architettura unica e i suoi tesori, \u00e8 un luogo di spiritualit\u00e0 che custodisce la memoria delle generazioni passate. Dalla maestosit\u00e0 del Duomo di San Pietro e Paolo, [&hellip;]<\/p>\n","protected":false},"author":1,"featured_media":14144,"parent":0,"menu_order":0,"comment_status":"closed","ping_status":"closed","template":"","meta":{"footnotes":""},"class_list":["post-7572","page","type-page","status-publish","has-post-thumbnail","hentry"],"yoast_head":"<!-- This site is optimized with the Yoast SEO plugin v27.3 - https:\/\/yoast.com\/product\/yoast-seo-wordpress\/ -->\n<title>Chiese - Visit Pitigliano<\/title>\n<meta name=\"robots\" content=\"index, follow, max-snippet:-1, max-image-preview:large, max-video-preview:-1\" \/>\n<link rel=\"canonical\" href=\"https:\/\/visitpitigliano.com\/en\/chiese\/\" \/>\n<meta property=\"og:locale\" content=\"en_US\" \/>\n<meta property=\"og:type\" content=\"article\" \/>\n<meta property=\"og:title\" content=\"Chiese - Visit Pitigliano\" \/>\n<meta property=\"og:description\" content=\"Le chiese di Pitigliano: un viaggio tra spiritualit\u00e0 e architettura Pitigliano \u00e8 sede di chiese che raccontano secoli di fede e tradizione. Ognuna di queste, con la sua architettura unica e i suoi tesori, \u00e8 un luogo di spiritualit\u00e0 che custodisce la memoria delle generazioni passate. Dalla maestosit\u00e0 del Duomo di San Pietro e Paolo, [&hellip;]\" \/>\n<meta property=\"og:url\" content=\"https:\/\/visitpitigliano.com\/en\/chiese\/\" \/>\n<meta property=\"og:site_name\" content=\"Visit Pitigliano\" \/>\n<meta property=\"article:publisher\" content=\"https:\/\/www.facebook.com\/visitpitigliano\/\" \/>\n<meta property=\"article:modified_time\" content=\"2025-01-29T12:10:36+00:00\" \/>\n<meta property=\"og:image\" content=\"https:\/\/visitpitigliano.com\/2025_v1_dev1\/wp-content\/uploads\/2025\/01\/visit-pitigliano_IMG_0844_1920x1280.jpg\" \/>\n\t<meta property=\"og:image:width\" content=\"1920\" \/>\n\t<meta property=\"og:image:height\" content=\"1280\" \/>\n\t<meta property=\"og:image:type\" content=\"image\/jpeg\" \/>\n<meta name=\"twitter:card\" content=\"summary_large_image\" \/>\n<meta name=\"twitter:label1\" content=\"Est. reading time\" \/>\n\t<meta name=\"twitter:data1\" content=\"6 minutes\" \/>\n<script type=\"application\/ld+json\" class=\"yoast-schema-graph\">{\"@context\":\"https:\\\/\\\/schema.org\",\"@graph\":[{\"@type\":\"WebPage\",\"@id\":\"https:\\\/\\\/visitpitigliano.com\\\/en\\\/chiese\\\/\",\"url\":\"https:\\\/\\\/visitpitigliano.com\\\/en\\\/chiese\\\/\",\"name\":\"Chiese - Visit Pitigliano\",\"isPartOf\":{\"@id\":\"https:\\\/\\\/visitpitigliano.com\\\/en\\\/#website\"},\"primaryImageOfPage\":{\"@id\":\"https:\\\/\\\/visitpitigliano.com\\\/en\\\/chiese\\\/#primaryimage\"},\"image\":{\"@id\":\"https:\\\/\\\/visitpitigliano.com\\\/en\\\/chiese\\\/#primaryimage\"},\"thumbnailUrl\":\"https:\\\/\\\/visitpitigliano.com\\\/2025_v1_dev1\\\/wp-content\\\/uploads\\\/2025\\\/01\\\/visit-pitigliano_IMG_0844_1920x1280.jpg\",\"datePublished\":\"2024-10-25T15:08:27+00:00\",\"dateModified\":\"2025-01-29T12:10:36+00:00\",\"breadcrumb\":{\"@id\":\"https:\\\/\\\/visitpitigliano.com\\\/en\\\/chiese\\\/#breadcrumb\"},\"inLanguage\":\"en-US\",\"potentialAction\":[{\"@type\":\"ReadAction\",\"target\":[\"https:\\\/\\\/visitpitigliano.com\\\/en\\\/chiese\\\/\"]}]},{\"@type\":\"ImageObject\",\"inLanguage\":\"en-US\",\"@id\":\"https:\\\/\\\/visitpitigliano.com\\\/en\\\/chiese\\\/#primaryimage\",\"url\":\"https:\\\/\\\/visitpitigliano.com\\\/2025_v1_dev1\\\/wp-content\\\/uploads\\\/2025\\\/01\\\/visit-pitigliano_IMG_0844_1920x1280.jpg\",\"contentUrl\":\"https:\\\/\\\/visitpitigliano.com\\\/2025_v1_dev1\\\/wp-content\\\/uploads\\\/2025\\\/01\\\/visit-pitigliano_IMG_0844_1920x1280.jpg\",\"width\":1920,\"height\":1280},{\"@type\":\"BreadcrumbList\",\"@id\":\"https:\\\/\\\/visitpitigliano.com\\\/en\\\/chiese\\\/#breadcrumb\",\"itemListElement\":[{\"@type\":\"ListItem\",\"position\":1,\"name\":\"Home\",\"item\":\"https:\\\/\\\/visitpitigliano.com\\\/en\\\/\"},{\"@type\":\"ListItem\",\"position\":2,\"name\":\"Chiese\"}]},{\"@type\":\"WebSite\",\"@id\":\"https:\\\/\\\/visitpitigliano.com\\\/en\\\/#website\",\"url\":\"https:\\\/\\\/visitpitigliano.com\\\/en\\\/\",\"name\":\"Visit Pitigliano\",\"description\":\"Il portale turistico della Citt\u00e0 di Pitigliano\",\"publisher\":{\"@id\":\"https:\\\/\\\/visitpitigliano.com\\\/en\\\/#organization\"},\"potentialAction\":[{\"@type\":\"SearchAction\",\"target\":{\"@type\":\"EntryPoint\",\"urlTemplate\":\"https:\\\/\\\/visitpitigliano.com\\\/en\\\/?s={search_term_string}\"},\"query-input\":{\"@type\":\"PropertyValueSpecification\",\"valueRequired\":true,\"valueName\":\"search_term_string\"}}],\"inLanguage\":\"en-US\"},{\"@type\":\"Organization\",\"@id\":\"https:\\\/\\\/visitpitigliano.com\\\/en\\\/#organization\",\"name\":\"Visit Pitigliano\",\"url\":\"https:\\\/\\\/visitpitigliano.com\\\/en\\\/\",\"logo\":{\"@type\":\"ImageObject\",\"inLanguage\":\"en-US\",\"@id\":\"https:\\\/\\\/visitpitigliano.com\\\/en\\\/#\\\/schema\\\/logo\\\/image\\\/\",\"url\":\"https:\\\/\\\/visitpitigliano.com\\\/2025_v1_dev1\\\/wp-content\\\/uploads\\\/2024\\\/10\\\/visit-pitigliano_logo_600x137.png\",\"contentUrl\":\"https:\\\/\\\/visitpitigliano.com\\\/2025_v1_dev1\\\/wp-content\\\/uploads\\\/2024\\\/10\\\/visit-pitigliano_logo_600x137.png\",\"width\":600,\"height\":137,\"caption\":\"Visit Pitigliano\"},\"image\":{\"@id\":\"https:\\\/\\\/visitpitigliano.com\\\/en\\\/#\\\/schema\\\/logo\\\/image\\\/\"},\"sameAs\":[\"https:\\\/\\\/www.facebook.com\\\/visitpitigliano\\\/\",\"https:\\\/\\\/www.instagram.com\\\/visitpitigliano\\\/\"]}]}<\/script>\n<!-- \/ Yoast SEO plugin. -->","yoast_head_json":{"title":"Chiese - Visit Pitigliano","robots":{"index":"index","follow":"follow","max-snippet":"max-snippet:-1","max-image-preview":"max-image-preview:large","max-video-preview":"max-video-preview:-1"},"canonical":"https:\/\/visitpitigliano.com\/en\/chiese\/","og_locale":"en_US","og_type":"article","og_title":"Chiese - Visit Pitigliano","og_description":"Le chiese di Pitigliano: un viaggio tra spiritualit\u00e0 e architettura Pitigliano \u00e8 sede di chiese che raccontano secoli di fede e tradizione. Ognuna di queste, con la sua architettura unica e i suoi tesori, \u00e8 un luogo di spiritualit\u00e0 che custodisce la memoria delle generazioni passate. Dalla maestosit\u00e0 del Duomo di San Pietro e Paolo, [&hellip;]","og_url":"https:\/\/visitpitigliano.com\/en\/chiese\/","og_site_name":"Visit Pitigliano","article_publisher":"https:\/\/www.facebook.com\/visitpitigliano\/","article_modified_time":"2025-01-29T12:10:36+00:00","og_image":[{"width":1920,"height":1280,"url":"https:\/\/visitpitigliano.com\/2025_v1_dev1\/wp-content\/uploads\/2025\/01\/visit-pitigliano_IMG_0844_1920x1280.jpg","type":"image\/jpeg"}],"twitter_card":"summary_large_image","twitter_misc":{"Est. reading time":"6 minutes"},"schema":{"@context":"https:\/\/schema.org","@graph":[{"@type":"WebPage","@id":"https:\/\/visitpitigliano.com\/en\/chiese\/","url":"https:\/\/visitpitigliano.com\/en\/chiese\/","name":"Chiese - Visit Pitigliano","isPartOf":{"@id":"https:\/\/visitpitigliano.com\/en\/#website"},"primaryImageOfPage":{"@id":"https:\/\/visitpitigliano.com\/en\/chiese\/#primaryimage"},"image":{"@id":"https:\/\/visitpitigliano.com\/en\/chiese\/#primaryimage"},"thumbnailUrl":"https:\/\/visitpitigliano.com\/2025_v1_dev1\/wp-content\/uploads\/2025\/01\/visit-pitigliano_IMG_0844_1920x1280.jpg","datePublished":"2024-10-25T15:08:27+00:00","dateModified":"2025-01-29T12:10:36+00:00","breadcrumb":{"@id":"https:\/\/visitpitigliano.com\/en\/chiese\/#breadcrumb"},"inLanguage":"en-US","potentialAction":[{"@type":"ReadAction","target":["https:\/\/visitpitigliano.com\/en\/chiese\/"]}]},{"@type":"ImageObject","inLanguage":"en-US","@id":"https:\/\/visitpitigliano.com\/en\/chiese\/#primaryimage","url":"https:\/\/visitpitigliano.com\/2025_v1_dev1\/wp-content\/uploads\/2025\/01\/visit-pitigliano_IMG_0844_1920x1280.jpg","contentUrl":"https:\/\/visitpitigliano.com\/2025_v1_dev1\/wp-content\/uploads\/2025\/01\/visit-pitigliano_IMG_0844_1920x1280.jpg","width":1920,"height":1280},{"@type":"BreadcrumbList","@id":"https:\/\/visitpitigliano.com\/en\/chiese\/#breadcrumb","itemListElement":[{"@type":"ListItem","position":1,"name":"Home","item":"https:\/\/visitpitigliano.com\/en\/"},{"@type":"ListItem","position":2,"name":"Chiese"}]},{"@type":"WebSite","@id":"https:\/\/visitpitigliano.com\/en\/#website","url":"https:\/\/visitpitigliano.com\/en\/","name":"Visit Pitigliano","description":"Il portale turistico della Citt\u00e0 di Pitigliano","publisher":{"@id":"https:\/\/visitpitigliano.com\/en\/#organization"},"potentialAction":[{"@type":"SearchAction","target":{"@type":"EntryPoint","urlTemplate":"https:\/\/visitpitigliano.com\/en\/?s={search_term_string}"},"query-input":{"@type":"PropertyValueSpecification","valueRequired":true,"valueName":"search_term_string"}}],"inLanguage":"en-US"},{"@type":"Organization","@id":"https:\/\/visitpitigliano.com\/en\/#organization","name":"Visit Pitigliano","url":"https:\/\/visitpitigliano.com\/en\/","logo":{"@type":"ImageObject","inLanguage":"en-US","@id":"https:\/\/visitpitigliano.com\/en\/#\/schema\/logo\/image\/","url":"https:\/\/visitpitigliano.com\/2025_v1_dev1\/wp-content\/uploads\/2024\/10\/visit-pitigliano_logo_600x137.png","contentUrl":"https:\/\/visitpitigliano.com\/2025_v1_dev1\/wp-content\/uploads\/2024\/10\/visit-pitigliano_logo_600x137.png","width":600,"height":137,"caption":"Visit Pitigliano"},"image":{"@id":"https:\/\/visitpitigliano.com\/en\/#\/schema\/logo\/image\/"},"sameAs":["https:\/\/www.facebook.com\/visitpitigliano\/","https:\/\/www.instagram.com\/visitpitigliano\/"]}]}},"_links":{"self":[{"href":"https:\/\/visitpitigliano.com\/en\/wp-json\/wp\/v2\/pages\/7572","targetHints":{"allow":["GET"]}}],"collection":[{"href":"https:\/\/visitpitigliano.com\/en\/wp-json\/wp\/v2\/pages"}],"about":[{"href":"https:\/\/visitpitigliano.com\/en\/wp-json\/wp\/v2\/types\/page"}],"author":[{"embeddable":true,"href":"https:\/\/visitpitigliano.com\/en\/wp-json\/wp\/v2\/users\/1"}],"replies":[{"embeddable":true,"href":"https:\/\/visitpitigliano.com\/en\/wp-json\/wp\/v2\/comments?post=7572"}],"version-history":[{"count":55,"href":"https:\/\/visitpitigliano.com\/en\/wp-json\/wp\/v2\/pages\/7572\/revisions"}],"predecessor-version":[{"id":14193,"href":"https:\/\/visitpitigliano.com\/en\/wp-json\/wp\/v2\/pages\/7572\/revisions\/14193"}],"wp:featuredmedia":[{"embeddable":true,"href":"https:\/\/visitpitigliano.com\/en\/wp-json\/wp\/v2\/media\/14144"}],"wp:attachment":[{"href":"https:\/\/visitpitigliano.com\/en\/wp-json\/wp\/v2\/media?parent=7572"}],"curies":[{"name":"wp","href":"https:\/\/api.w.org\/{rel}","templated":true}]}}