{"id":15076,"date":"2025-02-11T16:38:27","date_gmt":"2025-02-11T15:38:27","guid":{"rendered":"https:\/\/visitpitigliano.com\/2025_v1_dev1\/?page_id=15076"},"modified":"2025-02-11T16:50:30","modified_gmt":"2025-02-11T15:50:30","slug":"punti-panoramici","status":"publish","type":"page","link":"https:\/\/visitpitigliano.com\/en\/punti-panoramici\/","title":{"rendered":"Punti panoramici"},"content":{"rendered":"\t\t<div data-elementor-type=\"wp-page\" data-elementor-id=\"15076\" class=\"elementor elementor-15076\" data-elementor-post-type=\"page\">\n\t\t\t\t<div class=\"elementor-element elementor-element-6a49c91 e-flex e-con-boxed e-con e-parent\" data-id=\"6a49c91\" data-element_type=\"container\" data-e-type=\"container\">\n\t\t\t\t\t<div class=\"e-con-inner\">\n\t\t\t\t<div class=\"elementor-element elementor-element-3aa5ac3 elementor-widget__width-initial elementor-widget-mobile__width-inherit elementor-widget elementor-widget-heading\" data-id=\"3aa5ac3\" data-element_type=\"widget\" data-e-type=\"widget\" data-widget_type=\"heading.default\">\n\t\t\t\t<div class=\"elementor-widget-container\">\n\t\t\t\t\t<h1 class=\"elementor-heading-title elementor-size-default\">I <strong>punti panoramici<\/strong> di Pitigliano da non perdere <\/h1>\t\t\t\t<\/div>\n\t\t\t\t<\/div>\n\t\t\t\t<div class=\"elementor-element elementor-element-53fac20 elementor-widget__width-initial elementor-widget-mobile__width-inherit elementor-widget elementor-widget-text-editor\" data-id=\"53fac20\" data-element_type=\"widget\" data-e-type=\"widget\" data-widget_type=\"text-editor.default\">\n\t\t\t\t<div class=\"elementor-widget-container\">\n\t\t\t\t\t\t\t\t\t<div class=\"elementor-element elementor-element-cf571be e-con-full e-flex e-con e-child\" data-id=\"cf571be\" data-element_type=\"container\"><div class=\"elementor-element elementor-element-03d582a elementor-widget elementor-widget-text-editor\" data-id=\"03d582a\" data-element_type=\"widget\" data-widget_type=\"text-editor.default\"><div class=\"elementor-widget-container\"><p>Pitigliano \u00e8 famoso in tutto il mondo per il suo panorama, il suo skyline che si vede arrivando nelle citt\u00e0 del tufo dalla Maremma \u00e8 diventato ormai un\u2019icona della Toscana e non solo, riconoscibile ovunque al primo colpo d\u2019occhio.<\/p><p>In realt\u00e0 quello che vediamo arrivando dalla SS Maremmana, di fronte al Santuario della Mandonna della Grazie, seppur sia il punto panoramico pi\u00f9 famoso di Pitigliano, non \u00e8 l\u2019unico.<\/p><p>Raggiungibile a piedi dal centro storico troviamo infatti la Terrazza di San Michele. Stiamo parlando di una lunga via con giardino chiamata solitamente terrazza, dalla quale si pu\u00f2 ammirare tutta la bellezza del borgo adagiato sul masso tufaceo. Qui \u00e8 possibile sostare nel giardino, riposarsi su una panchina e ammire il panorama.<\/p><p>Altri punti di vista interessanti sono le strade che conducono a Sorano, sia risalendo dalla SP Pitigliano-Santa Fiora, sia scendendo per quella di Pian della Madonna, in direzione Sovana.<br \/>Da queste due strade si pu\u00f2 ammirare un lato B di Pitigliano meno conosciuto e particolare, ma di altrettanta bellezza. Se decidete di fermarvi a scattare una foto, vi chiediamo di prestare attenzione poich\u00e9 non vi sono piazzole per la sosta.<\/p><p>Altre zone panoramiche particolari sono quelle che si possono ammirare lungo la strada panoramica della Selciata che circonda il masso tufaceo del paese dal basso, lungo tutto il suo perimetro. Da qui \u00e8 possibile catturare numerosi scorci mozzafiato.<\/p><p>Molto apprezzati sono anche i punti panoramici che si incontrano dentro il paese e che affacciano sulle vallate dei fiumi che circondano Pitigliano. Ve ne segnaliamo due alle due estremit\u00e0 di piazza della Repubblica e due in fondo al centro storico, in piazza Antonio Becherini e nel vicolo della Riscossa.<\/p><\/div><\/div><\/div>\t\t\t\t\t\t\t\t<\/div>\n\t\t\t\t<\/div>\n\t\t\t\t\t<\/div>\n\t\t\t\t<\/div>\n\t\t\t\t<\/div>\n\t\t","protected":false},"excerpt":{"rendered":"<p>I punti panoramici di Pitigliano da non perdere Pitigliano \u00e8 famoso in tutto il mondo per il suo panorama, il suo skyline che si vede arrivando nelle citt\u00e0 del tufo dalla Maremma \u00e8 diventato ormai un\u2019icona della Toscana e non solo, riconoscibile ovunque al primo colpo d\u2019occhio. In realt\u00e0 quello che vediamo arrivando dalla SS [&hellip;]<\/p>\n","protected":false},"author":1,"featured_media":13033,"parent":0,"menu_order":0,"comment_status":"closed","ping_status":"closed","template":"","meta":{"footnotes":""},"class_list":["post-15076","page","type-page","status-publish","has-post-thumbnail","hentry"],"yoast_head":"<!-- This site is optimized with the Yoast SEO plugin v27.6 - https:\/\/yoast.com\/product\/yoast-seo-wordpress\/ -->\n<title>Punti panoramici - Visit Pitigliano<\/title>\n<meta name=\"robots\" content=\"index, follow, max-snippet:-1, max-image-preview:large, max-video-preview:-1\" \/>\n<link rel=\"canonical\" href=\"https:\/\/visitpitigliano.com\/en\/punti-panoramici\/\" \/>\n<meta property=\"og:locale\" content=\"en_US\" \/>\n<meta property=\"og:type\" content=\"article\" \/>\n<meta property=\"og:title\" content=\"Punti panoramici - Visit Pitigliano\" \/>\n<meta property=\"og:description\" content=\"I punti panoramici di Pitigliano da non perdere Pitigliano \u00e8 famoso in tutto il mondo per il suo panorama, il suo skyline che si vede arrivando nelle citt\u00e0 del tufo dalla Maremma \u00e8 diventato ormai un\u2019icona della Toscana e non solo, riconoscibile ovunque al primo colpo d\u2019occhio. In realt\u00e0 quello che vediamo arrivando dalla SS [&hellip;]\" \/>\n<meta property=\"og:url\" content=\"https:\/\/visitpitigliano.com\/en\/punti-panoramici\/\" \/>\n<meta property=\"og:site_name\" content=\"Visit Pitigliano\" \/>\n<meta property=\"article:publisher\" content=\"https:\/\/www.facebook.com\/visitpitigliano\/\" \/>\n<meta property=\"article:modified_time\" content=\"2025-02-11T15:50:30+00:00\" \/>\n<meta property=\"og:image\" content=\"https:\/\/visitpitigliano.com\/2025_v1_dev1\/wp-content\/uploads\/2025\/01\/visit-pitigliano_IMG_0819_1920x1280.jpg\" \/>\n\t<meta property=\"og:image:width\" content=\"1920\" \/>\n\t<meta property=\"og:image:height\" content=\"1280\" \/>\n\t<meta property=\"og:image:type\" content=\"image\/jpeg\" \/>\n<meta name=\"twitter:card\" content=\"summary_large_image\" \/>\n<meta name=\"twitter:label1\" content=\"Est. reading time\" \/>\n\t<meta name=\"twitter:data1\" content=\"4 minutes\" \/>\n<script type=\"application\/ld+json\" class=\"yoast-schema-graph\">{\"@context\":\"https:\\\/\\\/schema.org\",\"@graph\":[{\"@type\":\"WebPage\",\"@id\":\"https:\\\/\\\/visitpitigliano.com\\\/en\\\/punti-panoramici\\\/\",\"url\":\"https:\\\/\\\/visitpitigliano.com\\\/en\\\/punti-panoramici\\\/\",\"name\":\"Punti panoramici - Visit Pitigliano\",\"isPartOf\":{\"@id\":\"https:\\\/\\\/visitpitigliano.com\\\/en\\\/#website\"},\"primaryImageOfPage\":{\"@id\":\"https:\\\/\\\/visitpitigliano.com\\\/en\\\/punti-panoramici\\\/#primaryimage\"},\"image\":{\"@id\":\"https:\\\/\\\/visitpitigliano.com\\\/en\\\/punti-panoramici\\\/#primaryimage\"},\"thumbnailUrl\":\"https:\\\/\\\/visitpitigliano.com\\\/2025_v1_dev1\\\/wp-content\\\/uploads\\\/2025\\\/01\\\/visit-pitigliano_IMG_0819_1920x1280.jpg\",\"datePublished\":\"2025-02-11T15:38:27+00:00\",\"dateModified\":\"2025-02-11T15:50:30+00:00\",\"breadcrumb\":{\"@id\":\"https:\\\/\\\/visitpitigliano.com\\\/en\\\/punti-panoramici\\\/#breadcrumb\"},\"inLanguage\":\"en-US\",\"potentialAction\":[{\"@type\":\"ReadAction\",\"target\":[\"https:\\\/\\\/visitpitigliano.com\\\/en\\\/punti-panoramici\\\/\"]}]},{\"@type\":\"ImageObject\",\"inLanguage\":\"en-US\",\"@id\":\"https:\\\/\\\/visitpitigliano.com\\\/en\\\/punti-panoramici\\\/#primaryimage\",\"url\":\"https:\\\/\\\/visitpitigliano.com\\\/2025_v1_dev1\\\/wp-content\\\/uploads\\\/2025\\\/01\\\/visit-pitigliano_IMG_0819_1920x1280.jpg\",\"contentUrl\":\"https:\\\/\\\/visitpitigliano.com\\\/2025_v1_dev1\\\/wp-content\\\/uploads\\\/2025\\\/01\\\/visit-pitigliano_IMG_0819_1920x1280.jpg\",\"width\":1920,\"height\":1280},{\"@type\":\"BreadcrumbList\",\"@id\":\"https:\\\/\\\/visitpitigliano.com\\\/en\\\/punti-panoramici\\\/#breadcrumb\",\"itemListElement\":[{\"@type\":\"ListItem\",\"position\":1,\"name\":\"Home\",\"item\":\"https:\\\/\\\/visitpitigliano.com\\\/en\\\/\"},{\"@type\":\"ListItem\",\"position\":2,\"name\":\"Punti panoramici\"}]},{\"@type\":\"WebSite\",\"@id\":\"https:\\\/\\\/visitpitigliano.com\\\/en\\\/#website\",\"url\":\"https:\\\/\\\/visitpitigliano.com\\\/en\\\/\",\"name\":\"Visit Pitigliano\",\"description\":\"Il portale turistico della Citt\u00e0 di Pitigliano\",\"publisher\":{\"@id\":\"https:\\\/\\\/visitpitigliano.com\\\/en\\\/#organization\"},\"potentialAction\":[{\"@type\":\"SearchAction\",\"target\":{\"@type\":\"EntryPoint\",\"urlTemplate\":\"https:\\\/\\\/visitpitigliano.com\\\/en\\\/?s={search_term_string}\"},\"query-input\":{\"@type\":\"PropertyValueSpecification\",\"valueRequired\":true,\"valueName\":\"search_term_string\"}}],\"inLanguage\":\"en-US\"},{\"@type\":\"Organization\",\"@id\":\"https:\\\/\\\/visitpitigliano.com\\\/en\\\/#organization\",\"name\":\"Visit Pitigliano\",\"url\":\"https:\\\/\\\/visitpitigliano.com\\\/en\\\/\",\"logo\":{\"@type\":\"ImageObject\",\"inLanguage\":\"en-US\",\"@id\":\"https:\\\/\\\/visitpitigliano.com\\\/en\\\/#\\\/schema\\\/logo\\\/image\\\/\",\"url\":\"https:\\\/\\\/visitpitigliano.com\\\/2025_v1_dev1\\\/wp-content\\\/uploads\\\/2024\\\/10\\\/visit-pitigliano_logo_600x137.png\",\"contentUrl\":\"https:\\\/\\\/visitpitigliano.com\\\/2025_v1_dev1\\\/wp-content\\\/uploads\\\/2024\\\/10\\\/visit-pitigliano_logo_600x137.png\",\"width\":600,\"height\":137,\"caption\":\"Visit Pitigliano\"},\"image\":{\"@id\":\"https:\\\/\\\/visitpitigliano.com\\\/en\\\/#\\\/schema\\\/logo\\\/image\\\/\"},\"sameAs\":[\"https:\\\/\\\/www.facebook.com\\\/visitpitigliano\\\/\",\"https:\\\/\\\/www.instagram.com\\\/visitpitigliano\\\/\"]}]}<\/script>\n<!-- \/ Yoast SEO plugin. -->","yoast_head_json":{"title":"Punti panoramici - Visit Pitigliano","robots":{"index":"index","follow":"follow","max-snippet":"max-snippet:-1","max-image-preview":"max-image-preview:large","max-video-preview":"max-video-preview:-1"},"canonical":"https:\/\/visitpitigliano.com\/en\/punti-panoramici\/","og_locale":"en_US","og_type":"article","og_title":"Punti panoramici - Visit Pitigliano","og_description":"I punti panoramici di Pitigliano da non perdere Pitigliano \u00e8 famoso in tutto il mondo per il suo panorama, il suo skyline che si vede arrivando nelle citt\u00e0 del tufo dalla Maremma \u00e8 diventato ormai un\u2019icona della Toscana e non solo, riconoscibile ovunque al primo colpo d\u2019occhio. In realt\u00e0 quello che vediamo arrivando dalla SS [&hellip;]","og_url":"https:\/\/visitpitigliano.com\/en\/punti-panoramici\/","og_site_name":"Visit Pitigliano","article_publisher":"https:\/\/www.facebook.com\/visitpitigliano\/","article_modified_time":"2025-02-11T15:50:30+00:00","og_image":[{"width":1920,"height":1280,"url":"https:\/\/visitpitigliano.com\/2025_v1_dev1\/wp-content\/uploads\/2025\/01\/visit-pitigliano_IMG_0819_1920x1280.jpg","type":"image\/jpeg"}],"twitter_card":"summary_large_image","twitter_misc":{"Est. reading time":"4 minutes"},"schema":{"@context":"https:\/\/schema.org","@graph":[{"@type":"WebPage","@id":"https:\/\/visitpitigliano.com\/en\/punti-panoramici\/","url":"https:\/\/visitpitigliano.com\/en\/punti-panoramici\/","name":"Punti panoramici - Visit Pitigliano","isPartOf":{"@id":"https:\/\/visitpitigliano.com\/en\/#website"},"primaryImageOfPage":{"@id":"https:\/\/visitpitigliano.com\/en\/punti-panoramici\/#primaryimage"},"image":{"@id":"https:\/\/visitpitigliano.com\/en\/punti-panoramici\/#primaryimage"},"thumbnailUrl":"https:\/\/visitpitigliano.com\/2025_v1_dev1\/wp-content\/uploads\/2025\/01\/visit-pitigliano_IMG_0819_1920x1280.jpg","datePublished":"2025-02-11T15:38:27+00:00","dateModified":"2025-02-11T15:50:30+00:00","breadcrumb":{"@id":"https:\/\/visitpitigliano.com\/en\/punti-panoramici\/#breadcrumb"},"inLanguage":"en-US","potentialAction":[{"@type":"ReadAction","target":["https:\/\/visitpitigliano.com\/en\/punti-panoramici\/"]}]},{"@type":"ImageObject","inLanguage":"en-US","@id":"https:\/\/visitpitigliano.com\/en\/punti-panoramici\/#primaryimage","url":"https:\/\/visitpitigliano.com\/2025_v1_dev1\/wp-content\/uploads\/2025\/01\/visit-pitigliano_IMG_0819_1920x1280.jpg","contentUrl":"https:\/\/visitpitigliano.com\/2025_v1_dev1\/wp-content\/uploads\/2025\/01\/visit-pitigliano_IMG_0819_1920x1280.jpg","width":1920,"height":1280},{"@type":"BreadcrumbList","@id":"https:\/\/visitpitigliano.com\/en\/punti-panoramici\/#breadcrumb","itemListElement":[{"@type":"ListItem","position":1,"name":"Home","item":"https:\/\/visitpitigliano.com\/en\/"},{"@type":"ListItem","position":2,"name":"Punti panoramici"}]},{"@type":"WebSite","@id":"https:\/\/visitpitigliano.com\/en\/#website","url":"https:\/\/visitpitigliano.com\/en\/","name":"Visit Pitigliano","description":"Il portale turistico della Citt\u00e0 di Pitigliano","publisher":{"@id":"https:\/\/visitpitigliano.com\/en\/#organization"},"potentialAction":[{"@type":"SearchAction","target":{"@type":"EntryPoint","urlTemplate":"https:\/\/visitpitigliano.com\/en\/?s={search_term_string}"},"query-input":{"@type":"PropertyValueSpecification","valueRequired":true,"valueName":"search_term_string"}}],"inLanguage":"en-US"},{"@type":"Organization","@id":"https:\/\/visitpitigliano.com\/en\/#organization","name":"Visit Pitigliano","url":"https:\/\/visitpitigliano.com\/en\/","logo":{"@type":"ImageObject","inLanguage":"en-US","@id":"https:\/\/visitpitigliano.com\/en\/#\/schema\/logo\/image\/","url":"https:\/\/visitpitigliano.com\/2025_v1_dev1\/wp-content\/uploads\/2024\/10\/visit-pitigliano_logo_600x137.png","contentUrl":"https:\/\/visitpitigliano.com\/2025_v1_dev1\/wp-content\/uploads\/2024\/10\/visit-pitigliano_logo_600x137.png","width":600,"height":137,"caption":"Visit Pitigliano"},"image":{"@id":"https:\/\/visitpitigliano.com\/en\/#\/schema\/logo\/image\/"},"sameAs":["https:\/\/www.facebook.com\/visitpitigliano\/","https:\/\/www.instagram.com\/visitpitigliano\/"]}]}},"_links":{"self":[{"href":"https:\/\/visitpitigliano.com\/en\/wp-json\/wp\/v2\/pages\/15076","targetHints":{"allow":["GET"]}}],"collection":[{"href":"https:\/\/visitpitigliano.com\/en\/wp-json\/wp\/v2\/pages"}],"about":[{"href":"https:\/\/visitpitigliano.com\/en\/wp-json\/wp\/v2\/types\/page"}],"author":[{"embeddable":true,"href":"https:\/\/visitpitigliano.com\/en\/wp-json\/wp\/v2\/users\/1"}],"replies":[{"embeddable":true,"href":"https:\/\/visitpitigliano.com\/en\/wp-json\/wp\/v2\/comments?post=15076"}],"version-history":[{"count":7,"href":"https:\/\/visitpitigliano.com\/en\/wp-json\/wp\/v2\/pages\/15076\/revisions"}],"predecessor-version":[{"id":15087,"href":"https:\/\/visitpitigliano.com\/en\/wp-json\/wp\/v2\/pages\/15076\/revisions\/15087"}],"wp:featuredmedia":[{"embeddable":true,"href":"https:\/\/visitpitigliano.com\/en\/wp-json\/wp\/v2\/media\/13033"}],"wp:attachment":[{"href":"https:\/\/visitpitigliano.com\/en\/wp-json\/wp\/v2\/media?parent=15076"}],"curies":[{"name":"wp","href":"https:\/\/api.w.org\/{rel}","templated":true}]}}